{"id":2,"date":"2026-01-13T14:09:01","date_gmt":"2026-01-13T14:09:01","guid":{"rendered":"https:\/\/xenahom.fr\/?page_id=2"},"modified":"2026-02-11T14:02:41","modified_gmt":"2026-02-11T14:02:41","slug":"a-propos","status":"publish","type":"page","link":"https:\/\/xenahom.fr\/en\/a-propos\/","title":{"rendered":"ABOUT"},"content":{"rendered":"<div class=\"fusion-fullwidth fullwidth-box fusion-builder-row-1 fusion-flex-container has-pattern-background has-mask-background hundred-percent-fullwidth non-hundred-percent-height-scrolling fusion-animated\" style=\"--link_color: #4c4436;--awb-background-position:left top;--awb-border-sizes-top:0px;--awb-border-sizes-bottom:0px;--awb-border-sizes-left:0px;--awb-border-sizes-right:0px;--awb-border-radius-top-left:0px;--awb-border-radius-top-right:0px;--awb-border-radius-bottom-right:0px;--awb-border-radius-bottom-left:0px;--awb-padding-top:0px;--awb-padding-left:0px;--awb-margin-top:-100px;--awb-margin-bottom:-100px;--awb-flex-wrap:wrap;\" data-animationtype=\"fadeInUp\" data-animationduration=\"1.0\" data-animationoffset=\"top-into-view\" ><div class=\"fusion-builder-row fusion-row fusion-flex-align-items-stretch fusion-flex-content-wrap\" style=\"width:calc( 100% + 0px ) !important;max-width:calc( 100% + 0px ) !important;margin-left: calc(-0px \/ 2 );margin-right: calc(-0px \/ 2 );\"><div class=\"fusion-layout-column fusion_builder_column fusion-builder-column-0 fusion_builder_column_1_5 1_5 fusion-flex-column fusion-no-small-visibility\" style=\"--awb-padding-bottom:1300px;--awb-bg-color:#2976c4;--awb-bg-color-hover:#2976c4;--awb-bg-position:left center;--awb-bg-size:cover;--awb-width-large:20%;--awb-margin-top-large:0px;--awb-spacing-right-large:0px;--awb-margin-bottom-large:0px;--awb-spacing-left-large:0px;--awb-width-medium:100%;--awb-order-medium:0;--awb-spacing-right-medium:0px;--awb-spacing-left-medium:0px;--awb-width-small:100%;--awb-order-small:0;--awb-spacing-right-small:0px;--awb-spacing-left-small:0px;\" data-scroll-devices=\"small-visibility,medium-visibility,large-visibility\"><div class=\"fusion-column-wrapper lazyload fusion-column-has-shadow fusion-flex-justify-content-flex-start fusion-content-layout-column fusion-empty-column-bg-image fusion-column-has-bg-image\" data-bg-url=\"https:\/\/xenahom.fr\/wp-content\/uploads\/2026\/01\/water.jpg\" data-bg=\"https:\/\/xenahom.fr\/wp-content\/uploads\/2026\/01\/water.jpg\"><img decoding=\"async\" class=\"fusion-empty-dims-img-placeholder fusion-no-large-visibility\" aria-label=\"water\" src=\"data:image\/svg+xml,%3Csvg%20xmlns%3D%27http%3A%2F%2Fwww.w3.org%2F2000%2Fsvg%27%20width%3D%271080%27%20height%3D%271920%27%20viewBox%3D%270%200%201080%201920%27%3E%3Crect%20width%3D%271080%27%20height%3D%271920%27%20fill-opacity%3D%220%22%2F%3E%3C%2Fsvg%3E\"><\/div><\/div><div class=\"fusion-layout-column fusion_builder_column fusion-builder-column-1 fusion_builder_column_3_5 3_5 fusion-flex-column\" style=\"--awb-padding-right:15px;--awb-padding-left:15px;--awb-bg-blend:overlay;--awb-bg-size:cover;--awb-width-large:60%;--awb-margin-top-large:;--awb-spacing-right-large:calc( 0 * calc( 100% - 0px ) );--awb-margin-bottom-large:0px;--awb-spacing-left-large:0px;--awb-width-medium:100%;--awb-order-medium:0;--awb-spacing-right-medium:0px;--awb-spacing-left-medium:0px;--awb-width-small:100%;--awb-order-small:0;--awb-spacing-right-small:0px;--awb-spacing-left-small:0px;\" data-scroll-devices=\"small-visibility,medium-visibility,large-visibility\"><div class=\"fusion-column-wrapper fusion-column-has-shadow fusion-flex-justify-content-flex-start fusion-content-layout-column\"><div class=\"fusion-text fusion-text-1\"><\/p>\n<h1 style=\"text-align: center; --fontSize: 82; line-height: 1;\" data-fontsize=\"82\" data-lineheight=\"82px\" class=\"fusion-responsive-typography-calculated\"><b>XENA H\u2019OM<\/b><\/h1>\n<p style=\"text-align: center;\">The Elegance of Movement, the Power of Water<\/p>\n<h6 style=\"text-align: center; --fontSize: 18; line-height: 1.4; --minFontSize: 18;\" data-fontsize=\"18\" data-lineheight=\"25.2px\" class=\"fusion-responsive-typography-calculated\">XENA H\u2019OM was born from a journey guided by movement, precision, and the pursuit of harmony.<\/h6>\n<\/p>\n<blockquote class=\"wp-block-quote is-layout-flow wp-block-quote-is-layout-flow\">\n<p>A former gymnast since childhood, Laura Xena grew up with an intimate relationship to the body, discipline, and mastery of motion. Sport, ever-present, instilled early on a refined and committed approach to movement, where strength meets grace.<\/p>\n<p>In 2022, in Paris, she discovered yoga in an unconventional, liberating setting, practicing amidst the heart of the city. This first encounter marked a turning point. Yoga became a space of equilibrium, a subtle dialogue between physical power and inner serenity.<\/p>\n<\/p>\n<\/blockquote>\n<\/p>\n<p>In November 2024, she attended a 200-hour Hybrid Hatha &amp; Vinyasa training in English at the <a href=\"https:\/\/houseofom.com\/200ytt\" rel=\"nofollow noopener\" target=\"_blank\">House of Om<\/a>, in Bali, certified by Yoga Alliance. This immersion deepened a fluid, mindful, and elegant practice, focused on breath, philosophy, alignment, and presence.<\/p>\n<\/p>\n<blockquote class=\"wp-block-quote is-layout-flow wp-block-quote-is-layout-flow\">\n<p>Water, a central thread in her story, naturally becomes an extension of her practice. Passionate about aquatic activities and immersed in this world from a young age\u2014particularly through her brother, a specialized <a href=\"https:\/\/www.canyonlife.fr\/canyoning-annecy\/\" rel=\"nofollow noopener\" target=\"_blank\">canyoning instructor<\/a>, Laura Xena has developed a unique sensitivity to the element of water.<\/p>\n<\/p>\n<\/blockquote>\n<\/p>\n<p>In October 2025, SUP yoga became an obvious path. Trained by Merve from <a href=\"https:\/\/yogamalta.net\/\" rel=\"nofollow noopener\" target=\"_blank\">Yoga Malta<\/a> certified by Yoga Alliance, she developed a signature approach where yoga meets the controlled instability of water, offering a rare sensory experience that is simultaneously challenging, playful, and deeply calming.<\/p>\n<h3 style=\"text-align: center; --fontSize: 36; line-height: 1.4;\" data-fontsize=\"36\" data-lineheight=\"50.4px\" class=\"fusion-responsive-typography-calculated\"><b>WHY XENA H\u2019OM?<\/b><\/h3>\n<\/p>\n<p><b>XENA <\/b>est mon deuxi\u00e8me pr\u00e9nom. <span style=\"background-color: rgba(0, 0, 0, 0);\">XENA is my second name, chosen by my father, a symbol of guidance, support, and pride. It resonates with Xena the Warrior, a figure of strength, courage, and perseverance.<\/span> <span style=\"background-color: rgba(0, 0, 0, 0);\">Une r\u00e9f\u00e9rence vivante, assum\u00e9e, ancr\u00e9e dans ce que je suis aujourd\u2019hui. <\/span><span style=\"background-color: rgba(0, 0, 0, 0);\">Il fait \u00e9cho \u00e0 Xena la Guerri\u00e8re, figure de force, de courage et de pers\u00e9v\u00e9rance. <\/span><\/p>\n<p><b>H <\/b>H embodies Health, the foundation of true well-being.<\/p>\n<p><b>OM, <\/b>OM, the primal vibration of yoga, represents union and harmony.<\/p>\n<p><b>H\u2019OM <\/b>H\u2019OM evokes the notion of Home: a safe, intimate space where one feels aligned, welcomed, and fully present.<\/p>\n<p style=\"text-align: center;\"><b>XENA H\u2019OM <\/b>XENA H\u2019OM is a signature<\/p>\n<p>An expression of elegant strength, inner balance, and a wellness philosophy conceived as a rare, immersive experience.<\/p><\/p>\n<\/div><\/div><\/div><div class=\"fusion-layout-column fusion_builder_column fusion-builder-column-2 fusion_builder_column_1_5 1_5 fusion-flex-column\" style=\"--awb-padding-bottom:1300px;--awb-padding-top-small:0px;--awb-padding-bottom-small:316px;--awb-bg-color:#2976c4;--awb-bg-color-hover:#2976c4;--awb-bg-position:right center;--awb-bg-size:cover;--awb-width-large:20%;--awb-margin-top-large:0px;--awb-spacing-right-large:0px;--awb-margin-bottom-large:0px;--awb-spacing-left-large:0px;--awb-width-medium:100%;--awb-order-medium:0;--awb-spacing-right-medium:0px;--awb-spacing-left-medium:0px;--awb-width-small:100%;--awb-order-small:0;--awb-spacing-right-small:0px;--awb-spacing-left-small:0px;\"><div class=\"fusion-column-wrapper lazyload fusion-column-has-shadow fusion-flex-justify-content-flex-start fusion-content-layout-column fusion-empty-column-bg-image fusion-column-has-bg-image\" data-bg-url=\"https:\/\/xenahom.fr\/wp-content\/uploads\/2026\/01\/water.jpg\" data-bg=\"https:\/\/xenahom.fr\/wp-content\/uploads\/2026\/01\/water.jpg\"><img decoding=\"async\" class=\"fusion-empty-dims-img-placeholder fusion-no-large-visibility\" aria-label=\"water\" src=\"data:image\/svg+xml,%3Csvg%20xmlns%3D%27http%3A%2F%2Fwww.w3.org%2F2000%2Fsvg%27%20width%3D%271080%27%20height%3D%271920%27%20viewBox%3D%270%200%201080%201920%27%3E%3Crect%20width%3D%271080%27%20height%3D%271920%27%20fill-opacity%3D%220%22%2F%3E%3C%2Fsvg%3E\"><\/div><\/div><\/div><\/div>","protected":false},"excerpt":{"rendered":"","protected":false},"author":1,"featured_media":0,"parent":0,"menu_order":0,"comment_status":"closed","ping_status":"closed","template":"100-width.php","meta":{"footnotes":""},"class_list":["post-2","page","type-page","status-publish","hentry"],"_links":{"self":[{"href":"https:\/\/xenahom.fr\/en\/wp-json\/wp\/v2\/pages\/2","targetHints":{"allow":["GET"]}}],"collection":[{"href":"https:\/\/xenahom.fr\/en\/wp-json\/wp\/v2\/pages"}],"about":[{"href":"https:\/\/xenahom.fr\/en\/wp-json\/wp\/v2\/types\/page"}],"author":[{"embeddable":true,"href":"https:\/\/xenahom.fr\/en\/wp-json\/wp\/v2\/users\/1"}],"replies":[{"embeddable":true,"href":"https:\/\/xenahom.fr\/en\/wp-json\/wp\/v2\/comments?post=2"}],"version-history":[{"count":38,"href":"https:\/\/xenahom.fr\/en\/wp-json\/wp\/v2\/pages\/2\/revisions"}],"predecessor-version":[{"id":1769,"href":"https:\/\/xenahom.fr\/en\/wp-json\/wp\/v2\/pages\/2\/revisions\/1769"}],"wp:attachment":[{"href":"https:\/\/xenahom.fr\/en\/wp-json\/wp\/v2\/media?parent=2"}],"curies":[{"name":"wp","href":"https:\/\/api.w.org\/{rel}","templated":true}]}}